{"id":2114,"date":"2026-02-02T12:58:48","date_gmt":"2026-02-02T11:58:48","guid":{"rendered":"https:\/\/www.elmassan.se\/cookies\/"},"modified":"2026-04-07T16:23:44","modified_gmt":"2026-04-07T14:23:44","slug":"cookies","status":"publish","type":"page","link":"https:\/\/www.elmassan.se\/en\/cookies\/","title":{"rendered":"Cookies"},"content":{"rendered":"\t\t<div data-elementor-type=\"wp-page\" data-elementor-id=\"2114\" class=\"elementor elementor-2114 elementor-865\" data-elementor-post-type=\"page\">\n\t\t\t\t\t\t<section class=\"elementor-section elementor-top-section elementor-element elementor-element-4f55d79 elementor-section-content-middle elementor-section-boxed elementor-section-height-default elementor-section-height-default\" data-id=\"4f55d79\" data-element_type=\"section\" data-settings=\"{&quot;background_background&quot;:&quot;classic&quot;}\">\n\t\t\t\t\t\t<div class=\"elementor-container elementor-column-gap-no\">\n\t\t\t\t\t<div class=\"elementor-column elementor-col-100 elementor-top-column elementor-element elementor-element-492c6a2\" data-id=\"492c6a2\" data-element_type=\"column\">\n\t\t\t<div class=\"elementor-widget-wrap elementor-element-populated\">\n\t\t\t\t\t\t<div class=\"elementor-element elementor-element-21e33e3 elementor-view-default elementor-widget elementor-widget-icon\" data-id=\"21e33e3\" data-element_type=\"widget\" data-widget_type=\"icon.default\">\n\t\t\t\t\t\t\t<div class=\"elementor-icon-wrapper\">\n\t\t\t<div class=\"elementor-icon\">\n\t\t\t<svg aria-hidden=\"true\" class=\"e-font-icon-svg e-fas-cookie-bite\" viewBox=\"0 0 512 512\" xmlns=\"http:\/\/www.w3.org\/2000\/svg\"><path d=\"M510.52 255.82c-69.97-.85-126.47-57.69-126.47-127.86-70.17 0-127-56.49-127.86-126.45-27.26-4.14-55.13.3-79.72 12.82l-69.13 35.22a132.221 132.221 0 0 0-57.79 57.81l-35.1 68.88a132.645 132.645 0 0 0-12.82 80.95l12.08 76.27a132.521 132.521 0 0 0 37.16 72.96l54.77 54.76a132.036 132.036 0 0 0 72.71 37.06l76.71 12.15c27.51 4.36 55.7-.11 80.53-12.76l69.13-35.21a132.273 132.273 0 0 0 57.79-57.81l35.1-68.88c12.56-24.64 17.01-52.58 12.91-79.91zM176 368c-17.67 0-32-14.33-32-32s14.33-32 32-32 32 14.33 32 32-14.33 32-32 32zm32-160c-17.67 0-32-14.33-32-32s14.33-32 32-32 32 14.33 32 32-14.33 32-32 32zm160 128c-17.67 0-32-14.33-32-32s14.33-32 32-32 32 14.33 32 32-14.33 32-32 32z\"><\/path><\/svg>\t\t\t<\/div>\n\t\t<\/div>\n\t\t\t\t\t\t<\/div>\n\t\t\t\t<div class=\"elementor-element elementor-element-99fe8c9 elementor-widget elementor-widget-heading\" data-id=\"99fe8c9\" data-element_type=\"widget\" data-widget_type=\"heading.default\">\n\t\t\t\t\t<h1 class=\"elementor-heading-title elementor-size-default\">Cookie Policy<\/h1>\t\t\t\t<\/div>\n\t\t\t\t<div class=\"elementor-element elementor-element-5e5098c elementor-widget elementor-widget-text-editor\" data-id=\"5e5098c\" data-element_type=\"widget\" data-widget_type=\"text-editor.default\">\n\t\t\t\t\t\t\t\t\t<p>On our websites, we use cookies and other similar technologies. The cookies we use collect information about how you use the websites and store this information on your device. We do this to ensure that our websites function properly and are easy to use, to improve your user experience, and to provide you with relevant offers.<\/p>\n\t\t\t\t\t\t\t\t<\/div>\n\t\t\t\t<div class=\"elementor-element elementor-element-8d739a6 elementor-widget elementor-widget-heading\" data-id=\"8d739a6\" data-element_type=\"widget\" data-widget_type=\"heading.default\">\n\t\t\t\t\t<h2 class=\"elementor-heading-title elementor-size-default\">Your approval is needed<\/h2>\t\t\t\t<\/div>\n\t\t\t\t<div class=\"elementor-element elementor-element-f1fd428 elementor-widget elementor-widget-text-editor\" data-id=\"f1fd428\" data-element_type=\"widget\" data-widget_type=\"text-editor.default\">\n\t\t\t\t\t\t\t\t\t<p data-start=\"121\" data-end=\"403\">You can choose whether or not to accept cookies on your device.<br data-start=\"188\" data-end=\"191\" \/>Your consent is required for the use of all cookies, except for those that are strictly necessary to provide a service that you, as a user, have requested. You give your consent by continuing to use our websites.<\/p>\n<p><\/p>\n<p data-start=\"405\" data-end=\"558\">If you do not accept our use of cookies, or if you have previously accepted and later changed your mind, you can adjust your cookie settings at any time.<\/p>\n\t\t\t\t\t\t\t\t<\/div>\n\t\t\t\t<div class=\"elementor-element elementor-element-389dbc9 elementor-widget elementor-widget-heading\" data-id=\"389dbc9\" data-element_type=\"widget\" data-widget_type=\"heading.default\">\n\t\t\t\t\t<h2 class=\"elementor-heading-title elementor-size-default\">What is cookies?<\/h2>\t\t\t\t<\/div>\n\t\t\t\t<div class=\"elementor-element elementor-element-1e065bb elementor-widget elementor-widget-text-editor\" data-id=\"1e065bb\" data-element_type=\"widget\" data-widget_type=\"text-editor.default\">\n\t\t\t\t\t\t\t\t\t<p>A cookie is a small text file that is stored in your browser when you connect to a website.<br data-start=\"159\" data-end=\"162\" \/>Some types of cookies are necessary to ensure that our websites function properly and are easy to use. Other types of cookies are used to collect information about what you do when you visit our websites.<\/p>\n\t\t\t\t\t\t\t\t<\/div>\n\t\t\t\t<div class=\"elementor-element elementor-element-6216674 elementor-widget elementor-widget-n-accordion\" data-id=\"6216674\" data-element_type=\"widget\" data-settings=\"{&quot;default_state&quot;:&quot;all_collapsed&quot;,&quot;max_items_expended&quot;:&quot;one&quot;,&quot;n_accordion_animation_duration&quot;:{&quot;unit&quot;:&quot;ms&quot;,&quot;size&quot;:400,&quot;sizes&quot;:[]}}\" data-widget_type=\"nested-accordion.default\">\n\t\t\t\t\t\t\t<div class=\"e-n-accordion\" aria-label=\"Accordion. Open links with Enter or Space, close with Escape, and navigate with Arrow Keys\">\n\t\t\t\t\t\t<details id=\"e-n-accordion-item-1020\" class=\"e-n-accordion-item\" >\n\t\t\t\t<summary class=\"e-n-accordion-item-title\" data-accordion-index=\"1\" tabindex=\"0\" aria-expanded=\"false\" aria-controls=\"e-n-accordion-item-1020\" >\n\t\t\t\t\t<span class='e-n-accordion-item-title-header'><div class=\"e-n-accordion-item-title-text\"> Cookie Policy of the Easyfairs Group &amp; Its Subsidiaries <\/div><\/span>\n\t\t\t\t\t\t\t<span class='e-n-accordion-item-title-icon'>\n\t\t\t<span class='e-opened' ><svg aria-hidden=\"true\" class=\"e-font-icon-svg e-fas-minus\" viewBox=\"0 0 448 512\" xmlns=\"http:\/\/www.w3.org\/2000\/svg\"><path d=\"M416 208H32c-17.67 0-32 14.33-32 32v32c0 17.67 14.33 32 32 32h384c17.67 0 32-14.33 32-32v-32c0-17.67-14.33-32-32-32z\"><\/path><\/svg><\/span>\n\t\t\t<span class='e-closed'><svg aria-hidden=\"true\" class=\"e-font-icon-svg e-fas-plus\" viewBox=\"0 0 448 512\" xmlns=\"http:\/\/www.w3.org\/2000\/svg\"><path d=\"M416 208H272V64c0-17.67-14.33-32-32-32h-32c-17.67 0-32 14.33-32 32v144H32c-17.67 0-32 14.33-32 32v32c0 17.67 14.33 32 32 32h144v144c0 17.67 14.33 32 32 32h32c17.67 0 32-14.33 32-32V304h144c17.67 0 32-14.33 32-32v-32c0-17.67-14.33-32-32-32z\"><\/path><\/svg><\/span>\n\t\t<\/span>\n\n\t\t\t\t\t\t<\/summary>\n\t\t\t\t<div role=\"region\" aria-labelledby=\"e-n-accordion-item-1020\" class=\"elementor-element elementor-element-3e86308 e-con-full e-flex e-con e-child\" data-id=\"3e86308\" data-element_type=\"container\">\n\t\t\t\t<div class=\"elementor-element elementor-element-e425887 elementor-widget elementor-widget-text-editor\" data-id=\"e425887\" data-element_type=\"widget\" data-widget_type=\"text-editor.default\">\n\t\t\t\t\t\t\t\t\t<h3 data-section-id=\"zamd46\" data-start=\"126\" data-end=\"142\">Introduction<\/h3>\n<p><\/p>\n<p data-start=\"144\" data-end=\"283\">Easyfairs International SA\/NV is the parent company of a corporate group operating in live events, meetings, and trade show organization.<\/p>\n<p><\/p>\n<p data-start=\"285\" data-end=\"749\">Easyfairs International SA\/NV and its affiliated subsidiaries take the protection of their customers\u2019 personal data (including exhibitors, staff, visitors, organizers, readers, advertisers, members, partners, potential customers, etc.) very seriously. Therefore, our customers\u2019 personal data is stored securely and handled with the utmost care. This also applies to personal data of our suppliers, other stakeholders, and all other parties with whom we interact.<\/p>\n<p><\/p>\n<p data-start=\"751\" data-end=\"1202\">Easyfairs International SA\/NV and its affiliated entities process your personal data with respect for your right to privacy and only in accordance with applicable data protection legislation, including the General Data Protection Regulation (Regulation 2016\/679, \u201cGDPR\u201d), Directive 2002\/58\/EC on the processing of personal data and privacy in the electronic communications sector (\u201cePrivacy Directive\u201d), and applicable national data protection laws.<\/p>\n<p><\/p>\n<p data-start=\"1204\" data-end=\"1420\">This privacy policy (\u201cPolicy\u201d) explains (i) which cookies are placed on your device and how long they remain, (ii) how you can remove cookies from your device, and (iii) what rights you have regarding such cookies.<\/p>\n<h3 data-section-id=\"192ghf2\" data-start=\"1422\" data-end=\"1466\">Contact Information for Data Controllers<\/h3>\n<p><\/p>\n<p data-start=\"1468\" data-end=\"1542\">Your personal data is processed by the following joint data controllers:<\/p>\n<ul data-start=\"1544\" data-end=\"1698\">\n<li data-section-id=\"1ivaw58\" data-start=\"1544\" data-end=\"1612\"><strong data-start=\"1546\" data-end=\"1569\">Easyfairs Nordic AB<\/strong>, \u00c5by Arenav\u00e4g 8A, 431 62 M\u00f6lndal, Sweden<\/li>\n<li data-section-id=\"1m70yzh\" data-start=\"1613\" data-end=\"1698\"><strong data-start=\"1615\" data-end=\"1637\">Easyfairs Group SA<\/strong>, Rue Saint-Lambert 135, 1200 Woluwe-Saint-Lambert, Belgium<\/li>\n<\/ul>\n<p><\/p>\n<p data-start=\"1700\" data-end=\"1756\">(Together referred to as \u201cEasyfairs\u201d, \u201cwe\u201d, and \u201cus\u201d.)<\/p>\n<p><\/p>\n<p data-start=\"1758\" data-end=\"2190\">If you have questions about this cookie policy or wish to exercise your rights as described in Section 10 of our privacy policy, please contact our local data controller, Goran Bajku\u0161a, either by post at Easyfairs AB, \u00c5by Arenav\u00e4g 8A, 431 62 M\u00f6lndal, Sweden, or via email at <a class=\"decorated-link cursor-pointer\" rel=\"noopener\" data-start=\"2033\" data-end=\"2056\">PrivacySE@easyfairs.com<\/a>, as detailed in Section 10 of our privacy policy.<br data-start=\"2106\" data-end=\"2109\" \/>You may also contact the Group\u2019s Data Protection Officer at: <a class=\"decorated-link cursor-pointer\" rel=\"noopener\" data-start=\"2170\" data-end=\"2187\">dpo@easyfairs.com<\/a>.<\/p>\n<h3 data-section-id=\"1gvo2ai\" data-start=\"2192\" data-end=\"2239\">Purpose and Legal Basis for Data Processing<\/h3>\n<p><\/p>\n<h4 data-start=\"2241\" data-end=\"2309\">Functional Cookies (Strictly Necessary for Website Operation)<\/h4>\n<p><\/p>\n<p data-start=\"2310\" data-end=\"2442\">We process functional cookies to fulfill our legitimate interests (Article 6(1)(f) GDPR), particularly for the following purposes:<\/p>\n<p><\/p>\n<p data-start=\"2444\" data-end=\"2785\">(a) Measuring and optimizing our website\u2019s performance,<br data-start=\"2499\" data-end=\"2502\" \/>(b) Providing a high-performance and customized interface for visitors on our digital platforms,<br data-start=\"2598\" data-end=\"2601\" \/>(c) Using your personal data in aggregated or anonymized models to perform market analysis, financial management, marketing, reporting, big data analysis, or other types of analysis.<\/p>\n<p><\/p>\n<p data-start=\"2787\" data-end=\"2953\">In these cases, we always seek a fair balance between the need to process your personal data and protecting your rights and freedoms, while respecting your privacy.<\/p>\n<h4 data-start=\"2955\" data-end=\"2984\">Non-Functional Cookies<\/h4>\n<p><\/p>\n<p data-start=\"2985\" data-end=\"3107\">We process non-functional cookies based on your consent (Article 6(1)(a) GDPR), particularly for the following purposes:<\/p>\n<p><\/p>\n<p data-start=\"3109\" data-end=\"3386\">(a) Evaluating and optimizing the quality of our online services and the user-friendliness of our digital platforms to provide you with the best possible experience,<br data-start=\"3274\" data-end=\"3277\" \/>(b) Creating marketing profiles or segments for customers or potential customers, e.g., targeted marketing.<\/p>\n<h3 data-section-id=\"1g6jcqi\" data-start=\"3388\" data-end=\"3432\">Your Rights Regarding Your Personal Data<\/h3>\n<p><\/p>\n<p data-start=\"3434\" data-end=\"3745\">As a data subject, you can exercise the following rights regarding your personal data. To do so, contact our local data controller either by post or email at the addresses provided in Section 2.2. Include a copy of your ID card, passport, or other valid identification, and specify the nature of your request.<\/p>\n<ul data-start=\"3747\" data-end=\"4868\">\n<li data-section-id=\"1m6ro2\" data-start=\"3747\" data-end=\"3939\"><strong data-start=\"3749\" data-end=\"3769\">Right of Access:<\/strong> You may request information on whether we process your personal data and, if applicable, access to such data, to the extent allowed by applicable laws and regulations.<\/li>\n<li data-section-id=\"5shdfh\" data-start=\"3940\" data-end=\"4071\"><strong data-start=\"3942\" data-end=\"3969\">Right to Rectification:<\/strong> You may request that we correct inaccurate and\/or complete incomplete personal data free of charge.<\/li>\n<li data-section-id=\"1m4t4vf\" data-start=\"4072\" data-end=\"4450\"><strong data-start=\"4074\" data-end=\"4104\">Right to Withdraw Consent:<\/strong> You may withdraw your consent regarding cookies at any time, within the limits of applicable laws and regulations. Such withdrawal does not affect the lawfulness of processing based on your previous consent. Note that withdrawing consent may prevent you from using certain service features for which processing your personal data is necessary.<\/li>\n<li data-section-id=\"1mxqzjc\" data-start=\"4451\" data-end=\"4713\"><strong data-start=\"4453\" data-end=\"4474\">Right to Erasure:<\/strong> You may request that we delete your personal data, and we will comply unless there are legal grounds to retain it. This may include cases where we have legal obligations or legitimate interests requiring us to retain your personal data.<\/li>\n<li data-section-id=\"19p4mgn\" data-start=\"4714\" data-end=\"4868\"><strong data-start=\"4716\" data-end=\"4747\">Right to Lodge a Complaint:<\/strong> You may contact the relevant Data Protection Authority if you believe we are processing your personal data unlawfully.<\/li>\n<\/ul>\n<p><\/p>\n<h3 data-section-id=\"vnpmq7\" data-start=\"4870\" data-end=\"4889\">Linked Websites<\/h3>\n<p><\/p>\n<p data-start=\"4891\" data-end=\"5179\">We are not responsible for the privacy policies and practices applied on other websites, even if you accessed a third-party website via links on our site. We recommend reviewing the policy of each website you visit and contacting its owner or operator if you have questions or concerns.<\/p>\n<h3 data-section-id=\"16cxnuo\" data-start=\"5181\" data-end=\"5206\">Changes to Our Policy<\/h3>\n<p><\/p>\n<p data-start=\"5208\" data-end=\"5435\">We reserve the right to amend or modify this Policy without notifying you, and any changes will be posted on this page. It is your responsibility to review the policy each time you provide information to us or place an order.<\/p>\n\t\t\t\t\t\t\t\t<\/div>\n\t\t\t\t<\/div>\n\t\t\t\t\t<\/details>\n\t\t\t\t\t<\/div>\n\t\t\t\t\t\t<\/div>\n\t\t\t\t<div class=\"elementor-element elementor-element-ff6cd68 elementor-widget elementor-widget-spacer\" data-id=\"ff6cd68\" data-element_type=\"widget\" data-widget_type=\"spacer.default\">\n\t\t\t\t\t\t\t<div class=\"elementor-spacer\">\n\t\t\t<div class=\"elementor-spacer-inner\"><\/div>\n\t\t<\/div>\n\t\t\t\t\t\t<\/div>\n\t\t\t\t\t<\/div>\n\t\t<\/div>\n\t\t\t\t\t<\/div>\n\t\t<\/section>\n\t\t\t\t<\/div>\n\t\t","protected":false},"excerpt":{"rendered":"<p>Cookie Policy On our websites, we use cookies and other similar technologies. The cookies we use collect information about how you use the websites and store this information on your device. We do this to ensure that our websites function properly and are easy to use, to improve your user experience, and to provide you [&hellip;]<\/p>\n","protected":false},"author":1294,"featured_media":0,"parent":0,"menu_order":0,"comment_status":"closed","ping_status":"closed","template":"elementor_header_footer","meta":{"_seopress_robots_primary_cat":"","_seopress_titles_title":"Cookie Policy | Elm\u00e4ssan","_seopress_titles_desc":"The Elm\u00e4ssan Stockholm website uses cookies to provide a faster and more personalized browsing experience.","_seopress_robots_index":"","footnotes":""},"class_list":["post-2114","page","type-page","status-publish","hentry"],"_links":{"self":[{"href":"https:\/\/www.elmassan.se\/en\/wp-json\/wp\/v2\/pages\/2114","targetHints":{"allow":["GET"]}}],"collection":[{"href":"https:\/\/www.elmassan.se\/en\/wp-json\/wp\/v2\/pages"}],"about":[{"href":"https:\/\/www.elmassan.se\/en\/wp-json\/wp\/v2\/types\/page"}],"author":[{"embeddable":true,"href":"https:\/\/www.elmassan.se\/en\/wp-json\/wp\/v2\/users\/1294"}],"replies":[{"embeddable":true,"href":"https:\/\/www.elmassan.se\/en\/wp-json\/wp\/v2\/comments?post=2114"}],"version-history":[{"count":1,"href":"https:\/\/www.elmassan.se\/en\/wp-json\/wp\/v2\/pages\/2114\/revisions"}],"predecessor-version":[{"id":2115,"href":"https:\/\/www.elmassan.se\/en\/wp-json\/wp\/v2\/pages\/2114\/revisions\/2115"}],"wp:attachment":[{"href":"https:\/\/www.elmassan.se\/en\/wp-json\/wp\/v2\/media?parent=2114"}],"curies":[{"name":"wp","href":"https:\/\/api.w.org\/{rel}","templated":true}]}}